{"id":214,"date":"2022-04-01T15:25:17","date_gmt":"2022-04-01T18:25:17","guid":{"rendered":"https:\/\/guaruja.org.br\/aguaviva-02\/?page_id=214"},"modified":"2022-04-01T15:25:17","modified_gmt":"2022-04-01T18:25:17","slug":"acoes-em-andamento","status":"publish","type":"page","link":"https:\/\/guaruja.org.br\/aguaviva\/acoes-em-andamento\/","title":{"rendered":"A\u00e7\u00f5es em Andamento"},"content":{"rendered":"\n<h2 class=\"wp-block-heading\">Conhe\u00e7a as a\u00e7\u00f5es em andamento da AGUAVIVA<\/h2>\n\n\n\n<div class=\"wp-block-columns is-layout-flex wp-container-core-columns-is-layout-28f84493 wp-block-columns-is-layout-flex\">\n<div class=\"wp-block-column is-layout-flow wp-block-column-is-layout-flow\">\n<h2 class=\"wp-block-heading\">SUSPENS\u00c3O DO LICENCIAMENTO DO INCINERADOR<\/h2>\n\n\n\n<p>A AGUAVIVA \u2013 ASSOCIA\u00c7\u00c3O GUARUJ\u00c1 VIVA reivindica junto ao MPF e o MPSP, a imediata suspens\u00e3o do licenciamento do incinerador, 007885\/2010-59, planejado para ser implantado no entorno do futuro reservat\u00f3rio de \u00e1gua do Guaruj\u00e1.<\/p>\n\n\n\n<div class=\"wp-block-buttons is-layout-flex wp-block-buttons-is-layout-flex\">\n<div class=\"wp-block-button\"><a class=\"wp-block-button__link\" href=\"https:\/\/guaruja.org.br\/aguaviva-02\/wp-content\/uploads\/2022\/04\/MPF-Representacao-URGENTE-licenciamento-ambiental-007885_2010-59.pdf\" target=\"_blank\" rel=\"noreferrer noopener\">MPF<\/a><\/div>\n\n\n\n<div class=\"wp-block-button\"><a class=\"wp-block-button__link\" href=\"https:\/\/guaruja.org.br\/aguaviva-02\/wp-content\/uploads\/2022\/04\/MPSP-Representacao-URGENTE-licenciamento-ambiental-007885_2010-59.pdf\" target=\"_blank\" rel=\"noreferrer noopener\">MPSP<\/a><\/div>\n<\/div>\n<\/div>\n\n\n\n<div class=\"wp-block-column is-layout-flow wp-block-column-is-layout-flow\">\n<h2 class=\"wp-block-heading\">APA DO GUAIUBA E ENTORNO<\/h2>\n\n\n\n<p>A AGUAVIVA \u2013 Associa\u00e7\u00e3o Guaruj\u00e1 Viva pede informa\u00e7\u00f5es t\u00e9cnicas e data prevista para o in\u00edcio da elabora\u00e7\u00e3o da nova \u00c1rea de Prote\u00e7\u00e3o Ambiental do Guaiuba e seu entorno.<\/p>\n\n\n\n<div class=\"wp-block-buttons is-layout-flex wp-block-buttons-is-layout-flex\">\n<div class=\"wp-block-button\"><a class=\"wp-block-button__link\" href=\"https:\/\/guaruja.org.br\/aguaviva-02\/wp-content\/uploads\/2022\/04\/SEMAM-APA-DO-GUAIUBA-1.pdf\" target=\"_blank\" rel=\"noreferrer noopener\">SEMAN<\/a><\/div>\n<\/div>\n<\/div>\n<\/div>\n\n\n\n<h2 class=\"wp-block-heading\">ARMAZENAMENTO DE CARGAS PERIGOSAS<\/h2>\n\n\n\n<p>A AGUAVIVA\u2013 ASSOCIA\u00c7\u00c3O GUARUJ\u00c1 VIVA manifesta sua preocupa\u00e7\u00e3o com os riscos ambientais diante do armazenamento de cargas perigosas no Porto de Santos.<\/p>\n\n\n\n<div class=\"wp-block-buttons is-layout-flex wp-block-buttons-is-layout-flex\">\n<div class=\"wp-block-button\"><a class=\"wp-block-button__link\" href=\"https:\/\/guaruja.org.br\/aguaviva-02\/wp-content\/uploads\/2022\/04\/AUTORIDADE-DO-PORTO-DE-SANTOS-MANIFESTACAO-DE-PREOCUPACAO-AOS-RISCOS-AMBIENTAIS.pdf\" target=\"_blank\" rel=\"noreferrer noopener\">Autoridade do Porto de Santos<\/a><\/div>\n\n\n\n<div class=\"wp-block-button\"><a class=\"wp-block-button__link\" href=\"https:\/\/guaruja.org.br\/aguaviva-02\/wp-content\/uploads\/2022\/04\/GAEMA-MANIFESTACAO-DE-PREOCUPACAO-AOS-RISCOS-AMBIENTAIS.pdf\" target=\"_blank\" rel=\"noreferrer noopener\">GAEMA<\/a><\/div>\n\n\n\n<div class=\"wp-block-button\"><a class=\"wp-block-button__link\" href=\"https:\/\/guaruja.org.br\/aguaviva-02\/wp-content\/uploads\/2022\/04\/PREFEITURA-DO-GUARUJA-MANIFESTACAO-DE-PREOCUPACAO-AOS-RISCOS-AMBIENTAIS.pdf\" target=\"_blank\" rel=\"noreferrer noopener\">Prefeitura de Guaruj\u00e1<\/a><\/div>\n<\/div>\n\n\n\n<div style=\"height:100px\" aria-hidden=\"true\" class=\"wp-block-spacer\"><\/div>\n\n\n\n<h2 class=\"wp-block-heading\">APURA\u00c7\u00c3O DO ACIDENTE EM 20\/06\/2021<\/h2>\n\n\n\n<p>A AGUAVIVA, solicita a abertura de inqu\u00e9rito e processos administrativos, na respectiva esfera de compet\u00eancia, para investiga\u00e7\u00e3o das causas e apura\u00e7\u00e3o dos respons\u00e1veis pela colis\u00e3o de um navio com o flutuante da embarca\u00e7\u00e3o de ciclistas e pedestres e tamb\u00e9m do Pier do Iate Club de Santos, ambos localizados na margem esquerda do porto de Santos, localizado do lado de Guaruj\u00e1, acidente ocorreu em 20\/06\/2021.<\/p>\n\n\n\n<div class=\"wp-block-buttons is-layout-flex wp-block-buttons-is-layout-flex\">\n<div class=\"wp-block-button\"><a class=\"wp-block-button__link\" href=\"https:\/\/guaruja.org.br\/aguaviva-02\/wp-content\/uploads\/2022\/04\/capitania.pdf\" target=\"_blank\" rel=\"noreferrer noopener\">CAPITANIA DOS PORTOS<\/a><\/div>\n\n\n\n<div class=\"wp-block-button\"><a class=\"wp-block-button__link\" href=\"https:\/\/guaruja.org.br\/aguaviva-02\/wp-content\/uploads\/2022\/04\/cetesb.pdf\" target=\"_blank\" rel=\"noreferrer noopener\">CETESB<\/a><\/div>\n\n\n\n<div class=\"wp-block-button\"><a class=\"wp-block-button__link\" href=\"https:\/\/guaruja.org.br\/aguaviva-02\/wp-content\/uploads\/2022\/04\/prefeitura.pdf\" target=\"_blank\" rel=\"noreferrer noopener\">Prefeitura de Guaruj\u00e1<\/a><\/div>\n\n\n\n<div class=\"wp-block-button\"><a class=\"wp-block-button__link\" href=\"https:\/\/guaruja.org.br\/aguaviva-02\/wp-content\/uploads\/2022\/04\/oficio.pdf\" target=\"_blank\" rel=\"noreferrer noopener\">Oficio n\u00ba. 0038\/2021<\/a><\/div>\n\n\n\n<div class=\"wp-block-button\"><a class=\"wp-block-button__link\" href=\"https:\/\/guaruja.org.br\/aguaviva-02\/wp-content\/uploads\/2022\/04\/40-a.pdf\" target=\"_blank\" rel=\"noreferrer noopener\">Oficio n\u00ba. 0038\/2021 &#8211; (IAFN) n\u00ba 40-A\/2021<\/a><\/div>\n<\/div>\n\n\n\n<div style=\"height:50px\" aria-hidden=\"true\" class=\"wp-block-spacer\"><\/div>\n\n\n\n<div class=\"wp-block-buttons is-layout-flex wp-block-buttons-is-layout-flex\">\n<div class=\"wp-block-button\"><a class=\"wp-block-button__link\" href=\"https:\/\/guaruja.org.br\/aguaviva-02\/wp-content\/uploads\/2022\/04\/ministerio.pdf\" target=\"_blank\" rel=\"noreferrer noopener\">Minist\u00e9rio P\u00fablico Federal<\/a><\/div>\n\n\n\n<div class=\"wp-block-button\"><a class=\"wp-block-button__link\" href=\"https:\/\/guaruja.org.br\/aguaviva-02\/wp-content\/uploads\/2022\/04\/antaq.pdf\" target=\"_blank\" rel=\"noreferrer noopener\">ANTAQ<\/a><\/div>\n\n\n\n<div class=\"wp-block-button\"><a class=\"wp-block-button__link\" href=\"https:\/\/guaruja.org.br\/aguaviva-02\/wp-content\/uploads\/2022\/04\/Secretaria.pdf\" target=\"_blank\" rel=\"noreferrer noopener\">Secretaria de Infraestrutura e Meio Ambiente<\/a><\/div>\n\n\n\n<div class=\"wp-block-button\"><a class=\"wp-block-button__link\" href=\"https:\/\/guaruja.org.br\/aguaviva-02\/wp-content\/uploads\/2022\/04\/federal.pdf\" target=\"_blank\" rel=\"noreferrer noopener\">Policia Federal<\/a><\/div>\n\n\n\n<div class=\"wp-block-button\"><a class=\"wp-block-button__link\" href=\"https:\/\/guaruja.org.br\/aguaviva-02\/wp-content\/uploads\/2022\/04\/ministeriopublico.pdf\" target=\"_blank\" rel=\"noreferrer noopener\">Minist\u00e9rio P\u00fablico SP<\/a><\/div>\n<\/div>\n","protected":false},"excerpt":{"rendered":"<p>Conhe\u00e7a as a\u00e7\u00f5es em andamento da AGUAVIVA SUSPENS\u00c3O DO LICENCIAMENTO DO INCINERADOR A AGUAVIVA \u2013 ASSOCIA\u00c7\u00c3O GUARUJ\u00c1 VIVA reivindica junto ao MPF e o MPSP, a imediata suspens\u00e3o do licenciamento do incinerador, 007885\/2010-59, planejado para ser implantado no entorno do futuro reservat\u00f3rio de \u00e1gua do Guaruj\u00e1. APA DO GUAIUBA E ENTORNO A AGUAVIVA \u2013 Associa\u00e7\u00e3o [&hellip;]<\/p>\n","protected":false},"author":1,"featured_media":0,"parent":0,"menu_order":0,"comment_status":"closed","ping_status":"closed","template":"","meta":{"footnotes":""},"class_list":["post-214","page","type-page","status-publish","hentry"],"yoast_head":"<!-- This site is optimized with the Yoast SEO Premium plugin v26.7 (Yoast SEO v26.7) - https:\/\/yoast.com\/wordpress\/plugins\/seo\/ -->\n<title>A\u00e7\u00f5es em Andamento - AGUAVIVA<\/title>\n<meta name=\"robots\" content=\"index, follow, max-snippet:-1, max-image-preview:large, max-video-preview:-1\" \/>\n<link rel=\"canonical\" href=\"https:\/\/guaruja.org.br\/aguaviva\/acoes-em-andamento\/\" \/>\n<meta property=\"og:locale\" content=\"pt_BR\" \/>\n<meta property=\"og:type\" content=\"article\" \/>\n<meta property=\"og:title\" content=\"A\u00e7\u00f5es em Andamento\" \/>\n<meta property=\"og:description\" content=\"Conhe\u00e7a as a\u00e7\u00f5es em andamento da AGUAVIVA SUSPENS\u00c3O DO LICENCIAMENTO DO INCINERADOR A AGUAVIVA \u2013 ASSOCIA\u00c7\u00c3O GUARUJ\u00c1 VIVA reivindica junto ao MPF e o MPSP, a imediata suspens\u00e3o do licenciamento do incinerador, 007885\/2010-59, planejado para ser implantado no entorno do futuro reservat\u00f3rio de \u00e1gua do Guaruj\u00e1. APA DO GUAIUBA E ENTORNO A AGUAVIVA \u2013 Associa\u00e7\u00e3o [&hellip;]\" \/>\n<meta property=\"og:url\" content=\"https:\/\/guaruja.org.br\/aguaviva\/acoes-em-andamento\/\" \/>\n<meta property=\"og:site_name\" content=\"AGUAVIVA\" \/>\n<meta property=\"article:publisher\" content=\"https:\/\/www.facebook.com\/guarujaaguaviva\" \/>\n<meta property=\"og:image\" content=\"https:\/\/guaruja.org.br\/aguaviva\/wp-content\/uploads\/2025\/03\/logo-aguaviva-horizontal.png\" \/>\n\t<meta property=\"og:image:width\" content=\"3280\" \/>\n\t<meta property=\"og:image:height\" content=\"1080\" \/>\n\t<meta property=\"og:image:type\" content=\"image\/png\" \/>\n<meta name=\"twitter:card\" content=\"summary_large_image\" \/>\n<meta name=\"twitter:label1\" content=\"Est. tempo de leitura\" \/>\n\t<meta name=\"twitter:data1\" content=\"1 minuto\" \/>\n<script type=\"application\/ld+json\" class=\"yoast-schema-graph\">{\"@context\":\"https:\/\/schema.org\",\"@graph\":[{\"@type\":\"WebPage\",\"@id\":\"https:\/\/guaruja.org.br\/aguaviva\/acoes-em-andamento\/\",\"url\":\"https:\/\/guaruja.org.br\/aguaviva\/acoes-em-andamento\/\",\"name\":\"A\u00e7\u00f5es em Andamento - AGUAVIVA\",\"isPartOf\":{\"@id\":\"https:\/\/guaruja.org.br\/aguaviva\/#website\"},\"datePublished\":\"2022-04-01T18:25:17+00:00\",\"breadcrumb\":{\"@id\":\"https:\/\/guaruja.org.br\/aguaviva\/acoes-em-andamento\/#breadcrumb\"},\"inLanguage\":\"pt-BR\",\"potentialAction\":[{\"@type\":\"ReadAction\",\"target\":[\"https:\/\/guaruja.org.br\/aguaviva\/acoes-em-andamento\/\"]}]},{\"@type\":\"BreadcrumbList\",\"@id\":\"https:\/\/guaruja.org.br\/aguaviva\/acoes-em-andamento\/#breadcrumb\",\"itemListElement\":[{\"@type\":\"ListItem\",\"position\":1,\"name\":\"In\u00edcio\",\"item\":\"https:\/\/guaruja.org.br\/aguaviva\/\"},{\"@type\":\"ListItem\",\"position\":2,\"name\":\"A\u00e7\u00f5es em Andamento\"}]},{\"@type\":\"WebSite\",\"@id\":\"https:\/\/guaruja.org.br\/aguaviva\/#website\",\"url\":\"https:\/\/guaruja.org.br\/aguaviva\/\",\"name\":\"AGUAVIVA\",\"description\":\"Associa\u00e7\u00e3o Guaruj\u00e1 Viva\",\"publisher\":{\"@id\":\"https:\/\/guaruja.org.br\/aguaviva\/#organization\"},\"alternateName\":\"AGUAVIVA\",\"potentialAction\":[{\"@type\":\"SearchAction\",\"target\":{\"@type\":\"EntryPoint\",\"urlTemplate\":\"https:\/\/guaruja.org.br\/aguaviva\/?s={search_term_string}\"},\"query-input\":{\"@type\":\"PropertyValueSpecification\",\"valueRequired\":true,\"valueName\":\"search_term_string\"}}],\"inLanguage\":\"pt-BR\"},{\"@type\":\"Organization\",\"@id\":\"https:\/\/guaruja.org.br\/aguaviva\/#organization\",\"name\":\"AGUAVIVA\",\"alternateName\":\"AGUAVIVA\",\"url\":\"https:\/\/guaruja.org.br\/aguaviva\/\",\"logo\":{\"@type\":\"ImageObject\",\"inLanguage\":\"pt-BR\",\"@id\":\"https:\/\/guaruja.org.br\/aguaviva\/#\/schema\/logo\/image\/\",\"url\":\"https:\/\/guaruja.org.br\/aguaviva\/wp-content\/uploads\/2025\/03\/logo-aguaviva-horizontal.png\",\"contentUrl\":\"https:\/\/guaruja.org.br\/aguaviva\/wp-content\/uploads\/2025\/03\/logo-aguaviva-horizontal.png\",\"width\":3280,\"height\":1080,\"caption\":\"AGUAVIVA\"},\"image\":{\"@id\":\"https:\/\/guaruja.org.br\/aguaviva\/#\/schema\/logo\/image\/\"},\"sameAs\":[\"https:\/\/www.facebook.com\/guarujaaguaviva\",\"https:\/\/www.instagram.com\/aguavivaguaruja\/\"]}]}<\/script>\n<!-- \/ Yoast SEO Premium plugin. -->","yoast_head_json":{"title":"A\u00e7\u00f5es em Andamento - AGUAVIVA","robots":{"index":"index","follow":"follow","max-snippet":"max-snippet:-1","max-image-preview":"max-image-preview:large","max-video-preview":"max-video-preview:-1"},"canonical":"https:\/\/guaruja.org.br\/aguaviva\/acoes-em-andamento\/","og_locale":"pt_BR","og_type":"article","og_title":"A\u00e7\u00f5es em Andamento","og_description":"Conhe\u00e7a as a\u00e7\u00f5es em andamento da AGUAVIVA SUSPENS\u00c3O DO LICENCIAMENTO DO INCINERADOR A AGUAVIVA \u2013 ASSOCIA\u00c7\u00c3O GUARUJ\u00c1 VIVA reivindica junto ao MPF e o MPSP, a imediata suspens\u00e3o do licenciamento do incinerador, 007885\/2010-59, planejado para ser implantado no entorno do futuro reservat\u00f3rio de \u00e1gua do Guaruj\u00e1. APA DO GUAIUBA E ENTORNO A AGUAVIVA \u2013 Associa\u00e7\u00e3o [&hellip;]","og_url":"https:\/\/guaruja.org.br\/aguaviva\/acoes-em-andamento\/","og_site_name":"AGUAVIVA","article_publisher":"https:\/\/www.facebook.com\/guarujaaguaviva","og_image":[{"width":3280,"height":1080,"url":"https:\/\/guaruja.org.br\/aguaviva\/wp-content\/uploads\/2025\/03\/logo-aguaviva-horizontal.png","type":"image\/png"}],"twitter_card":"summary_large_image","twitter_misc":{"Est. tempo de leitura":"1 minuto"},"schema":{"@context":"https:\/\/schema.org","@graph":[{"@type":"WebPage","@id":"https:\/\/guaruja.org.br\/aguaviva\/acoes-em-andamento\/","url":"https:\/\/guaruja.org.br\/aguaviva\/acoes-em-andamento\/","name":"A\u00e7\u00f5es em Andamento - AGUAVIVA","isPartOf":{"@id":"https:\/\/guaruja.org.br\/aguaviva\/#website"},"datePublished":"2022-04-01T18:25:17+00:00","breadcrumb":{"@id":"https:\/\/guaruja.org.br\/aguaviva\/acoes-em-andamento\/#breadcrumb"},"inLanguage":"pt-BR","potentialAction":[{"@type":"ReadAction","target":["https:\/\/guaruja.org.br\/aguaviva\/acoes-em-andamento\/"]}]},{"@type":"BreadcrumbList","@id":"https:\/\/guaruja.org.br\/aguaviva\/acoes-em-andamento\/#breadcrumb","itemListElement":[{"@type":"ListItem","position":1,"name":"In\u00edcio","item":"https:\/\/guaruja.org.br\/aguaviva\/"},{"@type":"ListItem","position":2,"name":"A\u00e7\u00f5es em Andamento"}]},{"@type":"WebSite","@id":"https:\/\/guaruja.org.br\/aguaviva\/#website","url":"https:\/\/guaruja.org.br\/aguaviva\/","name":"AGUAVIVA","description":"Associa\u00e7\u00e3o Guaruj\u00e1 Viva","publisher":{"@id":"https:\/\/guaruja.org.br\/aguaviva\/#organization"},"alternateName":"AGUAVIVA","potentialAction":[{"@type":"SearchAction","target":{"@type":"EntryPoint","urlTemplate":"https:\/\/guaruja.org.br\/aguaviva\/?s={search_term_string}"},"query-input":{"@type":"PropertyValueSpecification","valueRequired":true,"valueName":"search_term_string"}}],"inLanguage":"pt-BR"},{"@type":"Organization","@id":"https:\/\/guaruja.org.br\/aguaviva\/#organization","name":"AGUAVIVA","alternateName":"AGUAVIVA","url":"https:\/\/guaruja.org.br\/aguaviva\/","logo":{"@type":"ImageObject","inLanguage":"pt-BR","@id":"https:\/\/guaruja.org.br\/aguaviva\/#\/schema\/logo\/image\/","url":"https:\/\/guaruja.org.br\/aguaviva\/wp-content\/uploads\/2025\/03\/logo-aguaviva-horizontal.png","contentUrl":"https:\/\/guaruja.org.br\/aguaviva\/wp-content\/uploads\/2025\/03\/logo-aguaviva-horizontal.png","width":3280,"height":1080,"caption":"AGUAVIVA"},"image":{"@id":"https:\/\/guaruja.org.br\/aguaviva\/#\/schema\/logo\/image\/"},"sameAs":["https:\/\/www.facebook.com\/guarujaaguaviva","https:\/\/www.instagram.com\/aguavivaguaruja\/"]}]}},"_links":{"self":[{"href":"https:\/\/guaruja.org.br\/aguaviva\/wp-json\/wp\/v2\/pages\/214","targetHints":{"allow":["GET"]}}],"collection":[{"href":"https:\/\/guaruja.org.br\/aguaviva\/wp-json\/wp\/v2\/pages"}],"about":[{"href":"https:\/\/guaruja.org.br\/aguaviva\/wp-json\/wp\/v2\/types\/page"}],"author":[{"embeddable":true,"href":"https:\/\/guaruja.org.br\/aguaviva\/wp-json\/wp\/v2\/users\/1"}],"replies":[{"embeddable":true,"href":"https:\/\/guaruja.org.br\/aguaviva\/wp-json\/wp\/v2\/comments?post=214"}],"version-history":[{"count":0,"href":"https:\/\/guaruja.org.br\/aguaviva\/wp-json\/wp\/v2\/pages\/214\/revisions"}],"wp:attachment":[{"href":"https:\/\/guaruja.org.br\/aguaviva\/wp-json\/wp\/v2\/media?parent=214"}],"curies":[{"name":"wp","href":"https:\/\/api.w.org\/{rel}","templated":true}]}}