{"id":68,"date":"2022-03-31T13:03:12","date_gmt":"2022-03-31T16:03:12","guid":{"rendered":"https:\/\/guaruja.org.br\/aguaviva-02\/?page_id=68"},"modified":"2025-09-03T21:24:44","modified_gmt":"2025-09-04T00:24:44","slug":"quem-somos-old","status":"publish","type":"page","link":"https:\/\/guaruja.org.br\/aguaviva\/quem-somos-old\/","title":{"rendered":"Quem Somos OLD"},"content":{"rendered":"\n<h2 class=\"wp-block-heading\" id=\"h-as-forcas-vivas-de-guaruja-e-vicente-de-carvalho-se-organizam-em-um-novo-movimento-de-cidadania\">As for\u00e7as vivas de Guaruj\u00e1 e Vicente de Carvalho se organizam em um novo movimento de cidadania<\/h2>\n\n\n\n<p>Guaruj\u00e1 e Vicente de Carvalho carregam consigo a beleza da Ilha de Santo Amaro, por\u00e9m padecem de uma s\u00e9rie de problemas e dificuldades.<\/p>\n\n\n\n<p>As potencialidades decorrentes de suas belezas e localiza\u00e7\u00e3o privilegiada n\u00e3o s\u00e3o suficientemente aproveitadas para embasar o desenvolvimento sustent\u00e1vel do Munic\u00edpio, que fomente a gera\u00e7\u00e3o de empregos e melhoria da qualidade de vida da popula\u00e7\u00e3o.<\/p>\n\n\n\n<p>Por outro lado, os problemas se prolongam por anos e anos, resultado de estruturas de poder viciadas que n\u00e3o valorizam a transpar\u00eancia do processo decis\u00f3rio das pol\u00edticas p\u00fablicas e inibem a participa\u00e7\u00e3o popular na formula\u00e7\u00e3o e implementa\u00e7\u00e3o de solu\u00e7\u00f5es democraticamente concebidas.<\/p>\n\n\n\n<p>N\u00e3o obstante a necessidade de solucionar demandas imediatas que afetam a popula\u00e7\u00e3o como habita\u00e7\u00e3o, preserva\u00e7\u00e3o ambiental, limpeza urbana, qualidade das praias, seguran\u00e7a e zeladoria de forma geral \u2013 que, ali\u00e1s, n\u00e3o s\u00e3o atendidas nem quando se recorre a inst\u00e2ncia judicial -, temos que olhar para o futuro da regi\u00e3o, e isso significa se inteirar, participar e influenciar de forma positiva as pol\u00edticas p\u00fablicas definidas para nossa cidade.<\/p>\n\n\n\n<p>\u00c9 nesse contexto que desde 2023 a AGUAVIVA passou a defender n\u00e3o somente o Guaruj\u00e1 e Vicente de Carvalho, mas tamb\u00e9m a Baixada Santista, por entender que estamos todos interligados.<\/p>\n\n\n\n<p>\u00c9 nesse contexto que vem \u00e0 luz a AGUAVIVA \u2013 Associa\u00e7\u00e3o Guaruj\u00e1 Viva, uma causa que aglutina diferentes segmentos da sociedade, com o objetivo de representar os interesses dos mun\u00edcipes, participando desde o processo de planejamento at\u00e9 as decis\u00f5es pol\u00edticas que interferem diretamente na vida de todos.<\/p>\n\n\n\n<p>Hoje, muitos se encontram numa situa\u00e7\u00e3o comum: contribuem com o pagamento de IPTU e demais impostos, mas, em contrapartida, n\u00e3o percebem o poder p\u00fablico agindo de forma contundente, preocupado em atender aos anseios e necessidades dos cidad\u00e3os que aqui residem e desenvolver estruturas sustent\u00e1veis a favor do turismo e das atividades de lazer que a ilha necessita.<\/p>\n\n\n\n<p>Esse \u00e9 apenas o in\u00edcio de uma caminhada democr\u00e1tica, aberta a todos.<\/p>\n\n\n\n<p>A AGUAVIVA surge com o leg\u00edtimo direito de atuar entre as vias pol\u00edticas para se alcan\u00e7ar o bem comum. Nasce com a perspectiva de muita luta para as pr\u00f3ximas d\u00e9cadas, com a disposi\u00e7\u00e3o de encarar problemas cr\u00f4nicos, superar conflitos, incentivar e fortalecer espa\u00e7os de a\u00e7\u00e3o pol\u00edtica e demonstrar a capacidade de organiza\u00e7\u00e3o da sociedade civil na busca de uma sociedade menos desigual e que caminhe ao encontro do desenvolvimento e da paz social.<\/p>\n\n\n\n<div class=\"wp-block-columns is-layout-flex wp-container-core-columns-is-layout-28f84493 wp-block-columns-is-layout-flex\">\n<div class=\"wp-block-column is-layout-flow wp-block-column-is-layout-flow\">\n<h3 class=\"wp-block-heading\" id=\"h-missao\">Miss\u00e3o<\/h3>\n\n\n\n<p>Fortalecer a presen\u00e7a da sociedade civil nas grandes decis\u00f5es de interesse p\u00fablico da cidade de Guaruj\u00e1, Vicente de Carvalho e da Baixada Santista.<\/p>\n<\/div>\n\n\n\n<div class=\"wp-block-column is-layout-flow wp-block-column-is-layout-flow\">\n<h3 class=\"wp-block-heading\" id=\"h-visao\">Vis\u00e3o<\/h3>\n\n\n\n<p>Pensar o futuro, com foco na sustentabilidade e governan\u00e7a.<\/p>\n<\/div>\n\n\n\n<div class=\"wp-block-column is-layout-flow wp-block-column-is-layout-flow\">\n<h3 class=\"wp-block-heading\" id=\"h-valores\">Valores<\/h3>\n\n\n\n<p>Democracia, di\u00e1logo, entendimento, serenidade, respeito e enfrentamento.<\/p>\n<\/div>\n<\/div>\n\n\n\n<div class=\"wp-block-columns is-layout-flex wp-container-core-columns-is-layout-28f84493 wp-block-columns-is-layout-flex\">\n<div class=\"wp-block-column is-layout-flow wp-block-column-is-layout-flow\">\n<p><strong>Apoiadores:<br><\/strong>Jos\u00e9 Manoel Ferreira Gon\u00e7alves<br>Carlos Jos\u00e9 dos Santos<br>Deborah da Cruz Baptista Silva<br>Joyce Helena de Carvalho Anate<br>Carlos Alberto dos Santos Vieira<br>Leandro Maur\u00edcio Batista Pinheiro<br>Edmilson Pinto Cardozo<br>Raquel Carvalho de Oliveira<br>Zenildo Costa de Araujo Silva<br>Maria Karla Batista<br>Suzane de Sousa Santos<br>Willian Antonio de Souza Pinto<br>Fernando Tadeu Gracia<br>Darci Maria Seravalli Rombolli Brignani<br>Elio Lopes dos Santos<br>Adriana de Morais Silva<br>Lav\u00ednia Martins Aires<br>William Salomoni<br>Marcus Fernandes<br>Edilson Dias de Andrade<br>Eduardo Lustoza<br>Giancarlo Paschoal<br>Joaquim Portes de Cerqueira C\u00e9sar<br>Silvia Regina Pond\u00e9 Galv\u00e3o Devonald<\/p>\n<\/div>\n\n\n\n<div class=\"wp-block-column is-layout-flow wp-block-column-is-layout-flow\">\n<p>Valter Batista de Souza<br>Morgana Santos Oliveira<br>Arlete Aparecida Gealorenco<br>Rui Pereira da Silva<br>Marco Antonio do Couto Perez<br>\u00c1lvaro dias<br>Allen Habert<br>Moacir Arruda<br>L\u00facio Maluf<br>S\u00e9rgio Storch<br>Elcio Kazuaki Niwa<br>Claudia Vera Bellem Soukup<br>Celso Augusto Soares<br>Amaury Pinto de Castro Monteiro Junior<br>Marco Antonio N\u00f3voa<br>Jo\u00e3o Antonio Marques Almeida<br>Iso Sendacz<br>Martha Simas<br>Aureo Figueiredo<br>Carlos Miguel Castex Aidar<br>Paulo Estev\u00e3o Cruvinel<br>Maria Natividade Martins Nunes<br>Frederico Antonio Gracia<br>Jos\u00e9 Alberto Morais Blandy.<br>Jo\u00e3o Victor Couto Ferramacho<br>Eliane Napolitano Raduan<br>Sidnei Bibiano Silva dos Santos<\/p>\n<\/div>\n<\/div>\n\n\n\n<p>AACM-TOMBO ASSOCIA\u00c7\u00c3O DOS AMIGOS COMERCIANTES E MORADORES DA PRAIA DO TOMBO<br>AMAAG \u2013 ASSOCIA\u00c7\u00c3O DOS MORADORES E AMIGOS DAS AST\u00daRIAS E GALHETAS<br>AMJV \u2013 ASSOCIA\u00c7\u00c3O DOS AMIGOS DO JARDIM VIRG\u00cdNIA<br>APROCANTO \u2013 ASSOCIA\u00c7\u00c3O DOS PROPRIET\u00c1RIOS E MORADORES DO CANTO DO MORRO DO MALUF<br>ASSOCIA\u00c7\u00c3O DOS GESTORES IMOBILI\u00c1RIOS DE GUARUJ\u00c1 E LITORAL<br>CAMPANHA VOU DE T\u00daNEL SANTOS-GUARUJ\u00c1<br>SAG \u2013 SOCIEDADE DOS AMIGOS DO GUAIUBA<br>FERROFRENTE \u2013 FRENTE NACIONAL PELA VOLTA DAS FERROVIAS<br>MOVIMENTO MULHERES EM FORTALECIMENTO<\/p>\n","protected":false},"excerpt":{"rendered":"<p>As for\u00e7as vivas de Guaruj\u00e1 e Vicente de Carvalho se organizam em um novo movimento de cidadania Guaruj\u00e1 e Vicente de Carvalho carregam consigo a beleza da Ilha de Santo Amaro, por\u00e9m padecem de uma s\u00e9rie de problemas e dificuldades. As potencialidades decorrentes de suas belezas e localiza\u00e7\u00e3o privilegiada n\u00e3o s\u00e3o suficientemente aproveitadas para embasar [&hellip;]<\/p>\n","protected":false},"author":1,"featured_media":0,"parent":0,"menu_order":0,"comment_status":"closed","ping_status":"closed","template":"","meta":{"footnotes":""},"class_list":["post-68","page","type-page","status-publish","hentry"],"yoast_head":"<!-- This site is optimized with the Yoast SEO Premium plugin v26.7 (Yoast SEO v26.7) - https:\/\/yoast.com\/wordpress\/plugins\/seo\/ -->\n<title>Quem Somos OLD - AGUAVIVA<\/title>\n<meta name=\"robots\" content=\"index, follow, max-snippet:-1, max-image-preview:large, max-video-preview:-1\" \/>\n<link rel=\"canonical\" href=\"https:\/\/guaruja.org.br\/aguaviva\/quem-somos-old\/\" \/>\n<meta property=\"og:locale\" content=\"pt_BR\" \/>\n<meta property=\"og:type\" content=\"article\" \/>\n<meta property=\"og:title\" content=\"Quem Somos OLD\" \/>\n<meta property=\"og:description\" content=\"As for\u00e7as vivas de Guaruj\u00e1 e Vicente de Carvalho se organizam em um novo movimento de cidadania Guaruj\u00e1 e Vicente de Carvalho carregam consigo a beleza da Ilha de Santo Amaro, por\u00e9m padecem de uma s\u00e9rie de problemas e dificuldades. As potencialidades decorrentes de suas belezas e localiza\u00e7\u00e3o privilegiada n\u00e3o s\u00e3o suficientemente aproveitadas para embasar [&hellip;]\" \/>\n<meta property=\"og:url\" content=\"https:\/\/guaruja.org.br\/aguaviva\/quem-somos-old\/\" \/>\n<meta property=\"og:site_name\" content=\"AGUAVIVA\" \/>\n<meta property=\"article:publisher\" content=\"https:\/\/www.facebook.com\/guarujaaguaviva\" \/>\n<meta property=\"article:modified_time\" content=\"2025-09-04T00:24:44+00:00\" \/>\n<meta property=\"og:image\" content=\"https:\/\/guaruja.org.br\/aguaviva\/wp-content\/uploads\/2025\/03\/logo-aguaviva-horizontal.png\" \/>\n\t<meta property=\"og:image:width\" content=\"3280\" \/>\n\t<meta property=\"og:image:height\" content=\"1080\" \/>\n\t<meta property=\"og:image:type\" content=\"image\/png\" \/>\n<meta name=\"twitter:card\" content=\"summary_large_image\" \/>\n<meta name=\"twitter:label1\" content=\"Est. tempo de leitura\" \/>\n\t<meta name=\"twitter:data1\" content=\"4 minutos\" \/>\n<script type=\"application\/ld+json\" class=\"yoast-schema-graph\">{\"@context\":\"https:\/\/schema.org\",\"@graph\":[{\"@type\":\"WebPage\",\"@id\":\"https:\/\/guaruja.org.br\/aguaviva\/quem-somos-old\/\",\"url\":\"https:\/\/guaruja.org.br\/aguaviva\/quem-somos-old\/\",\"name\":\"Quem Somos OLD - AGUAVIVA\",\"isPartOf\":{\"@id\":\"https:\/\/guaruja.org.br\/aguaviva\/#website\"},\"datePublished\":\"2022-03-31T16:03:12+00:00\",\"dateModified\":\"2025-09-04T00:24:44+00:00\",\"breadcrumb\":{\"@id\":\"https:\/\/guaruja.org.br\/aguaviva\/quem-somos-old\/#breadcrumb\"},\"inLanguage\":\"pt-BR\",\"potentialAction\":[{\"@type\":\"ReadAction\",\"target\":[\"https:\/\/guaruja.org.br\/aguaviva\/quem-somos-old\/\"]}]},{\"@type\":\"BreadcrumbList\",\"@id\":\"https:\/\/guaruja.org.br\/aguaviva\/quem-somos-old\/#breadcrumb\",\"itemListElement\":[{\"@type\":\"ListItem\",\"position\":1,\"name\":\"In\u00edcio\",\"item\":\"https:\/\/guaruja.org.br\/aguaviva\/\"},{\"@type\":\"ListItem\",\"position\":2,\"name\":\"Quem Somos OLD\"}]},{\"@type\":\"WebSite\",\"@id\":\"https:\/\/guaruja.org.br\/aguaviva\/#website\",\"url\":\"https:\/\/guaruja.org.br\/aguaviva\/\",\"name\":\"AGUAVIVA\",\"description\":\"Associa\u00e7\u00e3o Guaruj\u00e1 Viva\",\"publisher\":{\"@id\":\"https:\/\/guaruja.org.br\/aguaviva\/#organization\"},\"alternateName\":\"AGUAVIVA\",\"potentialAction\":[{\"@type\":\"SearchAction\",\"target\":{\"@type\":\"EntryPoint\",\"urlTemplate\":\"https:\/\/guaruja.org.br\/aguaviva\/?s={search_term_string}\"},\"query-input\":{\"@type\":\"PropertyValueSpecification\",\"valueRequired\":true,\"valueName\":\"search_term_string\"}}],\"inLanguage\":\"pt-BR\"},{\"@type\":\"Organization\",\"@id\":\"https:\/\/guaruja.org.br\/aguaviva\/#organization\",\"name\":\"AGUAVIVA\",\"alternateName\":\"AGUAVIVA\",\"url\":\"https:\/\/guaruja.org.br\/aguaviva\/\",\"logo\":{\"@type\":\"ImageObject\",\"inLanguage\":\"pt-BR\",\"@id\":\"https:\/\/guaruja.org.br\/aguaviva\/#\/schema\/logo\/image\/\",\"url\":\"https:\/\/guaruja.org.br\/aguaviva\/wp-content\/uploads\/2025\/03\/logo-aguaviva-horizontal.png\",\"contentUrl\":\"https:\/\/guaruja.org.br\/aguaviva\/wp-content\/uploads\/2025\/03\/logo-aguaviva-horizontal.png\",\"width\":3280,\"height\":1080,\"caption\":\"AGUAVIVA\"},\"image\":{\"@id\":\"https:\/\/guaruja.org.br\/aguaviva\/#\/schema\/logo\/image\/\"},\"sameAs\":[\"https:\/\/www.facebook.com\/guarujaaguaviva\",\"https:\/\/www.instagram.com\/aguavivaguaruja\/\"]}]}<\/script>\n<!-- \/ Yoast SEO Premium plugin. -->","yoast_head_json":{"title":"Quem Somos OLD - AGUAVIVA","robots":{"index":"index","follow":"follow","max-snippet":"max-snippet:-1","max-image-preview":"max-image-preview:large","max-video-preview":"max-video-preview:-1"},"canonical":"https:\/\/guaruja.org.br\/aguaviva\/quem-somos-old\/","og_locale":"pt_BR","og_type":"article","og_title":"Quem Somos OLD","og_description":"As for\u00e7as vivas de Guaruj\u00e1 e Vicente de Carvalho se organizam em um novo movimento de cidadania Guaruj\u00e1 e Vicente de Carvalho carregam consigo a beleza da Ilha de Santo Amaro, por\u00e9m padecem de uma s\u00e9rie de problemas e dificuldades. As potencialidades decorrentes de suas belezas e localiza\u00e7\u00e3o privilegiada n\u00e3o s\u00e3o suficientemente aproveitadas para embasar [&hellip;]","og_url":"https:\/\/guaruja.org.br\/aguaviva\/quem-somos-old\/","og_site_name":"AGUAVIVA","article_publisher":"https:\/\/www.facebook.com\/guarujaaguaviva","article_modified_time":"2025-09-04T00:24:44+00:00","og_image":[{"width":3280,"height":1080,"url":"https:\/\/guaruja.org.br\/aguaviva\/wp-content\/uploads\/2025\/03\/logo-aguaviva-horizontal.png","type":"image\/png"}],"twitter_card":"summary_large_image","twitter_misc":{"Est. tempo de leitura":"4 minutos"},"schema":{"@context":"https:\/\/schema.org","@graph":[{"@type":"WebPage","@id":"https:\/\/guaruja.org.br\/aguaviva\/quem-somos-old\/","url":"https:\/\/guaruja.org.br\/aguaviva\/quem-somos-old\/","name":"Quem Somos OLD - AGUAVIVA","isPartOf":{"@id":"https:\/\/guaruja.org.br\/aguaviva\/#website"},"datePublished":"2022-03-31T16:03:12+00:00","dateModified":"2025-09-04T00:24:44+00:00","breadcrumb":{"@id":"https:\/\/guaruja.org.br\/aguaviva\/quem-somos-old\/#breadcrumb"},"inLanguage":"pt-BR","potentialAction":[{"@type":"ReadAction","target":["https:\/\/guaruja.org.br\/aguaviva\/quem-somos-old\/"]}]},{"@type":"BreadcrumbList","@id":"https:\/\/guaruja.org.br\/aguaviva\/quem-somos-old\/#breadcrumb","itemListElement":[{"@type":"ListItem","position":1,"name":"In\u00edcio","item":"https:\/\/guaruja.org.br\/aguaviva\/"},{"@type":"ListItem","position":2,"name":"Quem Somos OLD"}]},{"@type":"WebSite","@id":"https:\/\/guaruja.org.br\/aguaviva\/#website","url":"https:\/\/guaruja.org.br\/aguaviva\/","name":"AGUAVIVA","description":"Associa\u00e7\u00e3o Guaruj\u00e1 Viva","publisher":{"@id":"https:\/\/guaruja.org.br\/aguaviva\/#organization"},"alternateName":"AGUAVIVA","potentialAction":[{"@type":"SearchAction","target":{"@type":"EntryPoint","urlTemplate":"https:\/\/guaruja.org.br\/aguaviva\/?s={search_term_string}"},"query-input":{"@type":"PropertyValueSpecification","valueRequired":true,"valueName":"search_term_string"}}],"inLanguage":"pt-BR"},{"@type":"Organization","@id":"https:\/\/guaruja.org.br\/aguaviva\/#organization","name":"AGUAVIVA","alternateName":"AGUAVIVA","url":"https:\/\/guaruja.org.br\/aguaviva\/","logo":{"@type":"ImageObject","inLanguage":"pt-BR","@id":"https:\/\/guaruja.org.br\/aguaviva\/#\/schema\/logo\/image\/","url":"https:\/\/guaruja.org.br\/aguaviva\/wp-content\/uploads\/2025\/03\/logo-aguaviva-horizontal.png","contentUrl":"https:\/\/guaruja.org.br\/aguaviva\/wp-content\/uploads\/2025\/03\/logo-aguaviva-horizontal.png","width":3280,"height":1080,"caption":"AGUAVIVA"},"image":{"@id":"https:\/\/guaruja.org.br\/aguaviva\/#\/schema\/logo\/image\/"},"sameAs":["https:\/\/www.facebook.com\/guarujaaguaviva","https:\/\/www.instagram.com\/aguavivaguaruja\/"]}]}},"_links":{"self":[{"href":"https:\/\/guaruja.org.br\/aguaviva\/wp-json\/wp\/v2\/pages\/68","targetHints":{"allow":["GET"]}}],"collection":[{"href":"https:\/\/guaruja.org.br\/aguaviva\/wp-json\/wp\/v2\/pages"}],"about":[{"href":"https:\/\/guaruja.org.br\/aguaviva\/wp-json\/wp\/v2\/types\/page"}],"author":[{"embeddable":true,"href":"https:\/\/guaruja.org.br\/aguaviva\/wp-json\/wp\/v2\/users\/1"}],"replies":[{"embeddable":true,"href":"https:\/\/guaruja.org.br\/aguaviva\/wp-json\/wp\/v2\/comments?post=68"}],"version-history":[{"count":5,"href":"https:\/\/guaruja.org.br\/aguaviva\/wp-json\/wp\/v2\/pages\/68\/revisions"}],"predecessor-version":[{"id":4446,"href":"https:\/\/guaruja.org.br\/aguaviva\/wp-json\/wp\/v2\/pages\/68\/revisions\/4446"}],"wp:attachment":[{"href":"https:\/\/guaruja.org.br\/aguaviva\/wp-json\/wp\/v2\/media?parent=68"}],"curies":[{"name":"wp","href":"https:\/\/api.w.org\/{rel}","templated":true}]}}