{"id":80,"date":"2022-03-31T13:15:00","date_gmt":"2022-03-31T16:15:00","guid":{"rendered":"https:\/\/guaruja.org.br\/aguaviva-02\/?page_id=80"},"modified":"2022-04-01T16:09:22","modified_gmt":"2022-04-01T19:09:22","slug":"historia-do-guaruja","status":"publish","type":"page","link":"https:\/\/guaruja.org.br\/aguaviva\/historia-do-guaruja\/","title":{"rendered":"Hist\u00f3ria do Guaruj\u00e1"},"content":{"rendered":"\n<h2 class=\"wp-block-heading\">Guaruj\u00e1, a p\u00e9rola do atl\u00e2ntico<\/h2>\n\n\n\n<p>A cidade de Guaruj\u00e1, situada na Ilha de Santo Amaro, foi visitada pela primeira vez no dia 22 de janeiro de 1502 pelos exploradores portugueses Andr\u00e9 Gon\u00e7alves, Am\u00e9rico Vesp\u00facio e suas armadas. Mais precisamente, essa visita ocorreu na parte ocidental da ilha, conhecida atualmente como Praia Santa Cruz dos Navegantes;<\/p>\n\n\n\n<p>Em 1832 por um decreto imperial, Guaruj\u00e1 passou a condi\u00e7\u00e3o de Vila;<\/p>\n\n\n\n<p>Em 1893, Guaruj\u00e1 foi promovida a Vila Balne\u00e1ria de Guaruj\u00e1. Para isso foram encomendados dos Estados Unidos um hotel, uma igreja, um cassino e 46 chal\u00e9s residenciais desmont\u00e1veis. Al\u00e9m de receber servi\u00e7os de \u00e1gua, esgoto e luz el\u00e9trica;<\/p>\n\n\n\n<p>1922 \u2013 Distrito criado com a denomina\u00e7\u00e3o de Guaruj\u00e1, subordinado ao munic\u00edpio de Santos,<\/p>\n\n\n\n<p>1934 \u2013 Elevado \u00e0 categoria de munic\u00edpio com a denomina\u00e7\u00e3o de Guaruj\u00e1, desmembrado do munic\u00edpio de Santos.<\/p>\n\n\n\n<p>Em 30 de Junho de 1934 a cidade recebeu o t\u00edtulo de Est\u00e2ncia Balne\u00e1ria e em 1947 passou a ser considerada munic\u00edpio devido ao seu crescimento cont\u00ednuo;<\/p>\n\n\n\n<p>Guaruj\u00e1 foi reconhecido internacionalmente, na d\u00e9cada de 70, com o t\u00edtulo de \u201cP\u00e9rola do Atl\u00e2ntico\u201d devido a sua natureza exuberante espalhada por 27 praias, o que atraia muito os turistas para a regi\u00e3o.<\/p>\n\n\n\n<div class=\"wp-block-image\"><figure class=\"aligncenter size-full\"><img fetchpriority=\"high\" decoding=\"async\" width=\"425\" height=\"280\" src=\"https:\/\/guaruja.org.br\/aguaviva\/wp-content\/uploads\/2022\/03\/guaruja.png\" alt=\"\" class=\"wp-image-81\" srcset=\"https:\/\/guaruja.org.br\/aguaviva\/wp-content\/uploads\/2022\/03\/guaruja.png 425w, https:\/\/guaruja.org.br\/aguaviva\/wp-content\/uploads\/2022\/03\/guaruja-300x198.png 300w\" sizes=\"(max-width: 425px) 100vw, 425px\" \/><\/figure><\/div>\n","protected":false},"excerpt":{"rendered":"<p>Guaruj\u00e1, a p\u00e9rola do atl\u00e2ntico A cidade de Guaruj\u00e1, situada na Ilha de Santo Amaro, foi visitada pela primeira vez no dia 22 de janeiro de 1502 pelos exploradores portugueses Andr\u00e9 Gon\u00e7alves, Am\u00e9rico Vesp\u00facio e suas armadas. Mais precisamente, essa visita ocorreu na parte ocidental da ilha, conhecida atualmente como Praia Santa Cruz dos Navegantes; [&hellip;]<\/p>\n","protected":false},"author":1,"featured_media":0,"parent":0,"menu_order":0,"comment_status":"closed","ping_status":"closed","template":"","meta":{"footnotes":""},"class_list":["post-80","page","type-page","status-publish","hentry"],"yoast_head":"<!-- This site is optimized with the Yoast SEO Premium plugin v26.7 (Yoast SEO v26.7) - https:\/\/yoast.com\/wordpress\/plugins\/seo\/ -->\n<title>Hist\u00f3ria do Guaruj\u00e1 - AGUAVIVA<\/title>\n<meta name=\"robots\" content=\"index, follow, max-snippet:-1, max-image-preview:large, max-video-preview:-1\" \/>\n<link rel=\"canonical\" href=\"https:\/\/guaruja.org.br\/aguaviva\/historia-do-guaruja\/\" \/>\n<meta property=\"og:locale\" content=\"pt_BR\" \/>\n<meta property=\"og:type\" content=\"article\" \/>\n<meta property=\"og:title\" content=\"Hist\u00f3ria do Guaruj\u00e1\" \/>\n<meta property=\"og:description\" content=\"Guaruj\u00e1, a p\u00e9rola do atl\u00e2ntico A cidade de Guaruj\u00e1, situada na Ilha de Santo Amaro, foi visitada pela primeira vez no dia 22 de janeiro de 1502 pelos exploradores portugueses Andr\u00e9 Gon\u00e7alves, Am\u00e9rico Vesp\u00facio e suas armadas. Mais precisamente, essa visita ocorreu na parte ocidental da ilha, conhecida atualmente como Praia Santa Cruz dos Navegantes; [&hellip;]\" \/>\n<meta property=\"og:url\" content=\"https:\/\/guaruja.org.br\/aguaviva\/historia-do-guaruja\/\" \/>\n<meta property=\"og:site_name\" content=\"AGUAVIVA\" \/>\n<meta property=\"article:publisher\" content=\"https:\/\/www.facebook.com\/guarujaaguaviva\" \/>\n<meta property=\"article:modified_time\" content=\"2022-04-01T19:09:22+00:00\" \/>\n<meta property=\"og:image\" content=\"https:\/\/guaruja.org.br\/aguaviva\/wp-content\/uploads\/2022\/03\/guaruja.png\" \/>\n<meta name=\"twitter:card\" content=\"summary_large_image\" \/>\n<meta name=\"twitter:label1\" content=\"Est. tempo de leitura\" \/>\n\t<meta name=\"twitter:data1\" content=\"1 minuto\" \/>\n<script type=\"application\/ld+json\" class=\"yoast-schema-graph\">{\"@context\":\"https:\/\/schema.org\",\"@graph\":[{\"@type\":\"WebPage\",\"@id\":\"https:\/\/guaruja.org.br\/aguaviva\/historia-do-guaruja\/\",\"url\":\"https:\/\/guaruja.org.br\/aguaviva\/historia-do-guaruja\/\",\"name\":\"Hist\u00f3ria do Guaruj\u00e1 - AGUAVIVA\",\"isPartOf\":{\"@id\":\"https:\/\/guaruja.org.br\/aguaviva\/#website\"},\"primaryImageOfPage\":{\"@id\":\"https:\/\/guaruja.org.br\/aguaviva\/historia-do-guaruja\/#primaryimage\"},\"image\":{\"@id\":\"https:\/\/guaruja.org.br\/aguaviva\/historia-do-guaruja\/#primaryimage\"},\"thumbnailUrl\":\"https:\/\/guaruja.org.br\/aguaviva\/wp-content\/uploads\/2022\/03\/guaruja.png\",\"datePublished\":\"2022-03-31T16:15:00+00:00\",\"dateModified\":\"2022-04-01T19:09:22+00:00\",\"breadcrumb\":{\"@id\":\"https:\/\/guaruja.org.br\/aguaviva\/historia-do-guaruja\/#breadcrumb\"},\"inLanguage\":\"pt-BR\",\"potentialAction\":[{\"@type\":\"ReadAction\",\"target\":[\"https:\/\/guaruja.org.br\/aguaviva\/historia-do-guaruja\/\"]}]},{\"@type\":\"ImageObject\",\"inLanguage\":\"pt-BR\",\"@id\":\"https:\/\/guaruja.org.br\/aguaviva\/historia-do-guaruja\/#primaryimage\",\"url\":\"https:\/\/guaruja.org.br\/aguaviva\/wp-content\/uploads\/2022\/03\/guaruja.png\",\"contentUrl\":\"https:\/\/guaruja.org.br\/aguaviva\/wp-content\/uploads\/2022\/03\/guaruja.png\",\"width\":425,\"height\":280},{\"@type\":\"BreadcrumbList\",\"@id\":\"https:\/\/guaruja.org.br\/aguaviva\/historia-do-guaruja\/#breadcrumb\",\"itemListElement\":[{\"@type\":\"ListItem\",\"position\":1,\"name\":\"In\u00edcio\",\"item\":\"https:\/\/guaruja.org.br\/aguaviva\/\"},{\"@type\":\"ListItem\",\"position\":2,\"name\":\"Hist\u00f3ria do Guaruj\u00e1\"}]},{\"@type\":\"WebSite\",\"@id\":\"https:\/\/guaruja.org.br\/aguaviva\/#website\",\"url\":\"https:\/\/guaruja.org.br\/aguaviva\/\",\"name\":\"AGUAVIVA\",\"description\":\"Associa\u00e7\u00e3o Guaruj\u00e1 Viva\",\"publisher\":{\"@id\":\"https:\/\/guaruja.org.br\/aguaviva\/#organization\"},\"alternateName\":\"AGUAVIVA\",\"potentialAction\":[{\"@type\":\"SearchAction\",\"target\":{\"@type\":\"EntryPoint\",\"urlTemplate\":\"https:\/\/guaruja.org.br\/aguaviva\/?s={search_term_string}\"},\"query-input\":{\"@type\":\"PropertyValueSpecification\",\"valueRequired\":true,\"valueName\":\"search_term_string\"}}],\"inLanguage\":\"pt-BR\"},{\"@type\":\"Organization\",\"@id\":\"https:\/\/guaruja.org.br\/aguaviva\/#organization\",\"name\":\"AGUAVIVA\",\"alternateName\":\"AGUAVIVA\",\"url\":\"https:\/\/guaruja.org.br\/aguaviva\/\",\"logo\":{\"@type\":\"ImageObject\",\"inLanguage\":\"pt-BR\",\"@id\":\"https:\/\/guaruja.org.br\/aguaviva\/#\/schema\/logo\/image\/\",\"url\":\"https:\/\/guaruja.org.br\/aguaviva\/wp-content\/uploads\/2025\/03\/logo-aguaviva-horizontal.png\",\"contentUrl\":\"https:\/\/guaruja.org.br\/aguaviva\/wp-content\/uploads\/2025\/03\/logo-aguaviva-horizontal.png\",\"width\":3280,\"height\":1080,\"caption\":\"AGUAVIVA\"},\"image\":{\"@id\":\"https:\/\/guaruja.org.br\/aguaviva\/#\/schema\/logo\/image\/\"},\"sameAs\":[\"https:\/\/www.facebook.com\/guarujaaguaviva\",\"https:\/\/www.instagram.com\/aguavivaguaruja\/\"]}]}<\/script>\n<!-- \/ Yoast SEO Premium plugin. -->","yoast_head_json":{"title":"Hist\u00f3ria do Guaruj\u00e1 - AGUAVIVA","robots":{"index":"index","follow":"follow","max-snippet":"max-snippet:-1","max-image-preview":"max-image-preview:large","max-video-preview":"max-video-preview:-1"},"canonical":"https:\/\/guaruja.org.br\/aguaviva\/historia-do-guaruja\/","og_locale":"pt_BR","og_type":"article","og_title":"Hist\u00f3ria do Guaruj\u00e1","og_description":"Guaruj\u00e1, a p\u00e9rola do atl\u00e2ntico A cidade de Guaruj\u00e1, situada na Ilha de Santo Amaro, foi visitada pela primeira vez no dia 22 de janeiro de 1502 pelos exploradores portugueses Andr\u00e9 Gon\u00e7alves, Am\u00e9rico Vesp\u00facio e suas armadas. Mais precisamente, essa visita ocorreu na parte ocidental da ilha, conhecida atualmente como Praia Santa Cruz dos Navegantes; [&hellip;]","og_url":"https:\/\/guaruja.org.br\/aguaviva\/historia-do-guaruja\/","og_site_name":"AGUAVIVA","article_publisher":"https:\/\/www.facebook.com\/guarujaaguaviva","article_modified_time":"2022-04-01T19:09:22+00:00","og_image":[{"url":"https:\/\/guaruja.org.br\/aguaviva\/wp-content\/uploads\/2022\/03\/guaruja.png","type":"","width":"","height":""}],"twitter_card":"summary_large_image","twitter_misc":{"Est. tempo de leitura":"1 minuto"},"schema":{"@context":"https:\/\/schema.org","@graph":[{"@type":"WebPage","@id":"https:\/\/guaruja.org.br\/aguaviva\/historia-do-guaruja\/","url":"https:\/\/guaruja.org.br\/aguaviva\/historia-do-guaruja\/","name":"Hist\u00f3ria do Guaruj\u00e1 - AGUAVIVA","isPartOf":{"@id":"https:\/\/guaruja.org.br\/aguaviva\/#website"},"primaryImageOfPage":{"@id":"https:\/\/guaruja.org.br\/aguaviva\/historia-do-guaruja\/#primaryimage"},"image":{"@id":"https:\/\/guaruja.org.br\/aguaviva\/historia-do-guaruja\/#primaryimage"},"thumbnailUrl":"https:\/\/guaruja.org.br\/aguaviva\/wp-content\/uploads\/2022\/03\/guaruja.png","datePublished":"2022-03-31T16:15:00+00:00","dateModified":"2022-04-01T19:09:22+00:00","breadcrumb":{"@id":"https:\/\/guaruja.org.br\/aguaviva\/historia-do-guaruja\/#breadcrumb"},"inLanguage":"pt-BR","potentialAction":[{"@type":"ReadAction","target":["https:\/\/guaruja.org.br\/aguaviva\/historia-do-guaruja\/"]}]},{"@type":"ImageObject","inLanguage":"pt-BR","@id":"https:\/\/guaruja.org.br\/aguaviva\/historia-do-guaruja\/#primaryimage","url":"https:\/\/guaruja.org.br\/aguaviva\/wp-content\/uploads\/2022\/03\/guaruja.png","contentUrl":"https:\/\/guaruja.org.br\/aguaviva\/wp-content\/uploads\/2022\/03\/guaruja.png","width":425,"height":280},{"@type":"BreadcrumbList","@id":"https:\/\/guaruja.org.br\/aguaviva\/historia-do-guaruja\/#breadcrumb","itemListElement":[{"@type":"ListItem","position":1,"name":"In\u00edcio","item":"https:\/\/guaruja.org.br\/aguaviva\/"},{"@type":"ListItem","position":2,"name":"Hist\u00f3ria do Guaruj\u00e1"}]},{"@type":"WebSite","@id":"https:\/\/guaruja.org.br\/aguaviva\/#website","url":"https:\/\/guaruja.org.br\/aguaviva\/","name":"AGUAVIVA","description":"Associa\u00e7\u00e3o Guaruj\u00e1 Viva","publisher":{"@id":"https:\/\/guaruja.org.br\/aguaviva\/#organization"},"alternateName":"AGUAVIVA","potentialAction":[{"@type":"SearchAction","target":{"@type":"EntryPoint","urlTemplate":"https:\/\/guaruja.org.br\/aguaviva\/?s={search_term_string}"},"query-input":{"@type":"PropertyValueSpecification","valueRequired":true,"valueName":"search_term_string"}}],"inLanguage":"pt-BR"},{"@type":"Organization","@id":"https:\/\/guaruja.org.br\/aguaviva\/#organization","name":"AGUAVIVA","alternateName":"AGUAVIVA","url":"https:\/\/guaruja.org.br\/aguaviva\/","logo":{"@type":"ImageObject","inLanguage":"pt-BR","@id":"https:\/\/guaruja.org.br\/aguaviva\/#\/schema\/logo\/image\/","url":"https:\/\/guaruja.org.br\/aguaviva\/wp-content\/uploads\/2025\/03\/logo-aguaviva-horizontal.png","contentUrl":"https:\/\/guaruja.org.br\/aguaviva\/wp-content\/uploads\/2025\/03\/logo-aguaviva-horizontal.png","width":3280,"height":1080,"caption":"AGUAVIVA"},"image":{"@id":"https:\/\/guaruja.org.br\/aguaviva\/#\/schema\/logo\/image\/"},"sameAs":["https:\/\/www.facebook.com\/guarujaaguaviva","https:\/\/www.instagram.com\/aguavivaguaruja\/"]}]}},"_links":{"self":[{"href":"https:\/\/guaruja.org.br\/aguaviva\/wp-json\/wp\/v2\/pages\/80","targetHints":{"allow":["GET"]}}],"collection":[{"href":"https:\/\/guaruja.org.br\/aguaviva\/wp-json\/wp\/v2\/pages"}],"about":[{"href":"https:\/\/guaruja.org.br\/aguaviva\/wp-json\/wp\/v2\/types\/page"}],"author":[{"embeddable":true,"href":"https:\/\/guaruja.org.br\/aguaviva\/wp-json\/wp\/v2\/users\/1"}],"replies":[{"embeddable":true,"href":"https:\/\/guaruja.org.br\/aguaviva\/wp-json\/wp\/v2\/comments?post=80"}],"version-history":[{"count":0,"href":"https:\/\/guaruja.org.br\/aguaviva\/wp-json\/wp\/v2\/pages\/80\/revisions"}],"wp:attachment":[{"href":"https:\/\/guaruja.org.br\/aguaviva\/wp-json\/wp\/v2\/media?parent=80"}],"curies":[{"name":"wp","href":"https:\/\/api.w.org\/{rel}","templated":true}]}}