{"id":83,"date":"2022-03-31T16:02:22","date_gmt":"2022-03-31T19:02:22","guid":{"rendered":"https:\/\/guaruja.org.br\/aguaviva-02\/?page_id=83"},"modified":"2022-04-01T16:10:18","modified_gmt":"2022-04-01T19:10:18","slug":"galeria","status":"publish","type":"page","link":"https:\/\/guaruja.org.br\/aguaviva\/galeria\/","title":{"rendered":"Galeria"},"content":{"rendered":"\n<h2 class=\"wp-block-heading\">Fotos<\/h2>\n\n\n\n<figure class=\"wp-block-gallery has-nested-images columns-5 is-cropped wp-block-gallery-1 is-layout-flex wp-block-gallery-is-layout-flex\">\n<figure class=\"wp-block-image size-large\"><img fetchpriority=\"high\" decoding=\"async\" width=\"663\" height=\"1024\" data-id=\"134\" src=\"https:\/\/guaruja.org.br\/aguaviva-02\/wp-content\/uploads\/2022\/04\/Amanhecer-Praia-da-Enseada-663x1024-1.jpg\" alt=\"\" class=\"wp-image-134\" srcset=\"https:\/\/guaruja.org.br\/aguaviva\/wp-content\/uploads\/2022\/04\/Amanhecer-Praia-da-Enseada-663x1024-1.jpg 663w, https:\/\/guaruja.org.br\/aguaviva\/wp-content\/uploads\/2022\/04\/Amanhecer-Praia-da-Enseada-663x1024-1-194x300.jpg 194w\" sizes=\"(max-width: 663px) 100vw, 663px\" \/><\/figure>\n\n\n\n<figure class=\"wp-block-image size-large\"><img decoding=\"async\" width=\"1024\" height=\"768\" data-id=\"135\" src=\"https:\/\/guaruja.org.br\/aguaviva-02\/wp-content\/uploads\/2022\/04\/Fim-deTarde-Tortuga-1024x768-1.jpg\" alt=\"\" class=\"wp-image-135\" srcset=\"https:\/\/guaruja.org.br\/aguaviva\/wp-content\/uploads\/2022\/04\/Fim-deTarde-Tortuga-1024x768-1.jpg 1024w, https:\/\/guaruja.org.br\/aguaviva\/wp-content\/uploads\/2022\/04\/Fim-deTarde-Tortuga-1024x768-1-300x225.jpg 300w, https:\/\/guaruja.org.br\/aguaviva\/wp-content\/uploads\/2022\/04\/Fim-deTarde-Tortuga-1024x768-1-768x576.jpg 768w\" sizes=\"(max-width: 1024px) 100vw, 1024px\" \/><\/figure>\n\n\n\n<figure class=\"wp-block-image size-large\"><img decoding=\"async\" width=\"768\" height=\"1024\" data-id=\"136\" src=\"https:\/\/guaruja.org.br\/aguaviva\/wp-content\/uploads\/2022\/04\/Jardim-Virginia-768x1024-1.jpg\" alt=\"\" class=\"wp-image-136\" srcset=\"https:\/\/guaruja.org.br\/aguaviva\/wp-content\/uploads\/2022\/04\/Jardim-Virginia-768x1024-1.jpg 768w, https:\/\/guaruja.org.br\/aguaviva\/wp-content\/uploads\/2022\/04\/Jardim-Virginia-768x1024-1-225x300.jpg 225w\" sizes=\"(max-width: 768px) 100vw, 768px\" \/><\/figure>\n\n\n\n<figure class=\"wp-block-image size-large\"><img loading=\"lazy\" decoding=\"async\" width=\"576\" height=\"1024\" data-id=\"132\" src=\"https:\/\/guaruja.org.br\/aguaviva-02\/wp-content\/uploads\/2022\/04\/praia-576x1024-1.jpg\" alt=\"\" class=\"wp-image-132\" srcset=\"https:\/\/guaruja.org.br\/aguaviva\/wp-content\/uploads\/2022\/04\/praia-576x1024-1.jpg 576w, https:\/\/guaruja.org.br\/aguaviva\/wp-content\/uploads\/2022\/04\/praia-576x1024-1-169x300.jpg 169w\" sizes=\"(max-width: 576px) 100vw, 576px\" \/><\/figure>\n\n\n\n<figure class=\"wp-block-image size-large\"><img loading=\"lazy\" decoding=\"async\" width=\"540\" height=\"449\" data-id=\"133\" src=\"https:\/\/guaruja.org.br\/aguaviva\/wp-content\/uploads\/2022\/04\/4a5dacc5badddfd357181fefb705e33f.jpeg\" alt=\"\" class=\"wp-image-133\" srcset=\"https:\/\/guaruja.org.br\/aguaviva\/wp-content\/uploads\/2022\/04\/4a5dacc5badddfd357181fefb705e33f.jpeg 540w, https:\/\/guaruja.org.br\/aguaviva\/wp-content\/uploads\/2022\/04\/4a5dacc5badddfd357181fefb705e33f-300x249.jpeg 300w\" sizes=\"(max-width: 540px) 100vw, 540px\" \/><\/figure>\n<\/figure>\n\n\n\n<h2 class=\"wp-block-heading\">V\u00eddeos<\/h2>\n\n\n\n<div class=\"wp-block-columns is-layout-flex wp-container-core-columns-is-layout-28f84493 wp-block-columns-is-layout-flex\">\n<div class=\"wp-block-column is-layout-flow wp-block-column-is-layout-flow\">\n<figure class=\"wp-block-embed is-type-video is-provider-youtube wp-block-embed-youtube wp-embed-aspect-16-9 wp-has-aspect-ratio\"><div class=\"wp-block-embed__wrapper\">\n<iframe title=\"VIG\u00cdLIA PELA CIDADANIA NO GUARUJ\u00c1: PARTICIPE!\" width=\"800\" height=\"450\" src=\"https:\/\/www.youtube.com\/embed\/58j-1EuzIhU?feature=oembed\" frameborder=\"0\" allow=\"accelerometer; autoplay; clipboard-write; encrypted-media; gyroscope; picture-in-picture\" allowfullscreen><\/iframe>\n<\/div><\/figure>\n<\/div>\n\n\n\n<div class=\"wp-block-column is-layout-flow wp-block-column-is-layout-flow\">\n<figure class=\"wp-block-embed is-type-video is-provider-youtube wp-block-embed-youtube wp-embed-aspect-16-9 wp-has-aspect-ratio\"><div class=\"wp-block-embed__wrapper\">\n<iframe title=\"A CIDADE DO GUARUJ\u00c1 EST\u00c1 SOB ATAQUE\" width=\"800\" height=\"450\" src=\"https:\/\/www.youtube.com\/embed\/wfWuK9f8QCU?feature=oembed\" frameborder=\"0\" allow=\"accelerometer; autoplay; clipboard-write; encrypted-media; gyroscope; picture-in-picture\" allowfullscreen><\/iframe>\n<\/div><\/figure>\n<\/div>\n<\/div>\n\n\n\n<div class=\"wp-block-columns is-layout-flex wp-container-core-columns-is-layout-28f84493 wp-block-columns-is-layout-flex\">\n<div class=\"wp-block-column is-layout-flow wp-block-column-is-layout-flow\">\n<figure class=\"wp-block-embed is-type-video is-provider-youtube wp-block-embed-youtube wp-embed-aspect-16-9 wp-has-aspect-ratio\"><div class=\"wp-block-embed__wrapper\">\n<iframe title=\"Participa\u00e7\u00e3o da AGUAVIVA no Rotativa no Ar de 18\/08\/21\" width=\"800\" height=\"450\" src=\"https:\/\/www.youtube.com\/embed\/bL1g_Jil5GM?feature=oembed\" frameborder=\"0\" allow=\"accelerometer; autoplay; clipboard-write; encrypted-media; gyroscope; picture-in-picture\" allowfullscreen><\/iframe>\n<\/div><\/figure>\n<\/div>\n\n\n\n<div class=\"wp-block-column is-layout-flow wp-block-column-is-layout-flow\">\n<figure class=\"wp-block-embed is-type-video is-provider-youtube wp-block-embed-youtube wp-embed-aspect-16-9 wp-has-aspect-ratio\"><div class=\"wp-block-embed__wrapper\">\n<iframe title=\"O Eng  Jos\u00e9 Manoel Ferreira Gon\u00e7alves, Presidente da AGUAVIVA, tem um recado pra voc\u00ea!\" width=\"800\" height=\"450\" src=\"https:\/\/www.youtube.com\/embed\/Xnj14u7QcuU?feature=oembed\" frameborder=\"0\" allow=\"accelerometer; autoplay; clipboard-write; encrypted-media; gyroscope; picture-in-picture\" allowfullscreen><\/iframe>\n<\/div><\/figure>\n<\/div>\n<\/div>\n\n\n\n<div class=\"wp-block-columns is-layout-flex wp-container-core-columns-is-layout-28f84493 wp-block-columns-is-layout-flex\">\n<div class=\"wp-block-column is-layout-flow wp-block-column-is-layout-flow\">\n<figure class=\"wp-block-embed is-type-video is-provider-youtube wp-block-embed-youtube wp-embed-aspect-16-9 wp-has-aspect-ratio\"><div class=\"wp-block-embed__wrapper\">\n<iframe title=\"AGUAVIVA, pede abertura de inqu\u00e9rito e investiga\u00e7\u00e3o dos respons\u00e1veis pela colis\u00e3o de navio em Santos\" width=\"800\" height=\"450\" src=\"https:\/\/www.youtube.com\/embed\/ZwoPngP9dM0?feature=oembed\" frameborder=\"0\" allow=\"accelerometer; autoplay; clipboard-write; encrypted-media; gyroscope; picture-in-picture\" allowfullscreen><\/iframe>\n<\/div><\/figure>\n<\/div>\n\n\n\n<div class=\"wp-block-column is-layout-flow wp-block-column-is-layout-flow\">\n<figure class=\"wp-block-embed is-type-video is-provider-youtube wp-block-embed-youtube wp-embed-aspect-16-9 wp-has-aspect-ratio\"><div class=\"wp-block-embed__wrapper\">\n<iframe title=\"Guaruj\u00e1 cobra autoridades sobre obras ap\u00f3s acidente com navio\" width=\"800\" height=\"450\" src=\"https:\/\/www.youtube.com\/embed\/eKriaE5yh-Q?feature=oembed\" frameborder=\"0\" allow=\"accelerometer; autoplay; clipboard-write; encrypted-media; gyroscope; picture-in-picture\" allowfullscreen><\/iframe>\n<\/div><\/figure>\n<\/div>\n<\/div>\n\n\n\n<div class=\"wp-block-columns is-layout-flex wp-container-core-columns-is-layout-28f84493 wp-block-columns-is-layout-flex\">\n<div class=\"wp-block-column is-layout-flow wp-block-column-is-layout-flow\">\n<figure class=\"wp-block-embed is-type-video is-provider-youtube wp-block-embed-youtube wp-embed-aspect-16-9 wp-has-aspect-ratio\"><div class=\"wp-block-embed__wrapper\">\n<iframe title=\"Participa\u00e7\u00e3o da AGUAVIVA no Rotativa no Ar, R\u00e1dio Guaruj\u00e1\" width=\"800\" height=\"450\" src=\"https:\/\/www.youtube.com\/embed\/g-dLY82WEBE?feature=oembed\" frameborder=\"0\" allow=\"accelerometer; autoplay; clipboard-write; encrypted-media; gyroscope; picture-in-picture\" allowfullscreen><\/iframe>\n<\/div><\/figure>\n<\/div>\n\n\n\n<div class=\"wp-block-column is-layout-flow wp-block-column-is-layout-flow\">\n<figure class=\"wp-block-embed is-type-video is-provider-youtube wp-block-embed-youtube wp-embed-aspect-16-9 wp-has-aspect-ratio\"><div class=\"wp-block-embed__wrapper\">\n<iframe title=\"Acidente Balsa 20\/06\/2021\" width=\"800\" height=\"450\" src=\"https:\/\/www.youtube.com\/embed\/LjI-gtWfOlI?list=PLXjr2cm3Vtujsgjkhsliya3g7Dz1UTOcT\" frameborder=\"0\" allow=\"accelerometer; autoplay; clipboard-write; encrypted-media; gyroscope; picture-in-picture\" allowfullscreen><\/iframe>\n<\/div><\/figure>\n<\/div>\n<\/div>\n","protected":false},"excerpt":{"rendered":"<p>Fotos V\u00eddeos<\/p>\n","protected":false},"author":1,"featured_media":0,"parent":0,"menu_order":0,"comment_status":"closed","ping_status":"closed","template":"","meta":{"footnotes":""},"class_list":["post-83","page","type-page","status-publish","hentry"],"yoast_head":"<!-- This site is optimized with the Yoast SEO Premium plugin v26.7 (Yoast SEO v26.7) - https:\/\/yoast.com\/wordpress\/plugins\/seo\/ -->\n<title>Galeria - AGUAVIVA<\/title>\n<meta name=\"robots\" content=\"index, follow, max-snippet:-1, max-image-preview:large, max-video-preview:-1\" \/>\n<link rel=\"canonical\" href=\"https:\/\/guaruja.org.br\/aguaviva\/galeria\/\" \/>\n<meta property=\"og:locale\" content=\"pt_BR\" \/>\n<meta property=\"og:type\" content=\"article\" \/>\n<meta property=\"og:title\" content=\"Galeria\" \/>\n<meta property=\"og:description\" content=\"Fotos V\u00eddeos\" \/>\n<meta property=\"og:url\" content=\"https:\/\/guaruja.org.br\/aguaviva\/galeria\/\" \/>\n<meta property=\"og:site_name\" content=\"AGUAVIVA\" \/>\n<meta property=\"article:publisher\" content=\"https:\/\/www.facebook.com\/guarujaaguaviva\" \/>\n<meta property=\"article:modified_time\" content=\"2022-04-01T19:10:18+00:00\" \/>\n<meta property=\"og:image\" content=\"https:\/\/guaruja.org.br\/aguaviva-02\/wp-content\/uploads\/2022\/04\/Amanhecer-Praia-da-Enseada-663x1024-1.jpg\" \/>\n<meta name=\"twitter:card\" content=\"summary_large_image\" \/>\n<script type=\"application\/ld+json\" class=\"yoast-schema-graph\">{\"@context\":\"https:\/\/schema.org\",\"@graph\":[{\"@type\":\"WebPage\",\"@id\":\"https:\/\/guaruja.org.br\/aguaviva\/galeria\/\",\"url\":\"https:\/\/guaruja.org.br\/aguaviva\/galeria\/\",\"name\":\"Galeria - AGUAVIVA\",\"isPartOf\":{\"@id\":\"https:\/\/guaruja.org.br\/aguaviva\/#website\"},\"primaryImageOfPage\":{\"@id\":\"https:\/\/guaruja.org.br\/aguaviva\/galeria\/#primaryimage\"},\"image\":{\"@id\":\"https:\/\/guaruja.org.br\/aguaviva\/galeria\/#primaryimage\"},\"thumbnailUrl\":\"https:\/\/guaruja.org.br\/aguaviva-02\/wp-content\/uploads\/2022\/04\/Amanhecer-Praia-da-Enseada-663x1024-1.jpg\",\"datePublished\":\"2022-03-31T19:02:22+00:00\",\"dateModified\":\"2022-04-01T19:10:18+00:00\",\"breadcrumb\":{\"@id\":\"https:\/\/guaruja.org.br\/aguaviva\/galeria\/#breadcrumb\"},\"inLanguage\":\"pt-BR\",\"potentialAction\":[{\"@type\":\"ReadAction\",\"target\":[\"https:\/\/guaruja.org.br\/aguaviva\/galeria\/\"]}]},{\"@type\":\"ImageObject\",\"inLanguage\":\"pt-BR\",\"@id\":\"https:\/\/guaruja.org.br\/aguaviva\/galeria\/#primaryimage\",\"url\":\"https:\/\/guaruja.org.br\/aguaviva-02\/wp-content\/uploads\/2022\/04\/Amanhecer-Praia-da-Enseada-663x1024-1.jpg\",\"contentUrl\":\"https:\/\/guaruja.org.br\/aguaviva-02\/wp-content\/uploads\/2022\/04\/Amanhecer-Praia-da-Enseada-663x1024-1.jpg\"},{\"@type\":\"BreadcrumbList\",\"@id\":\"https:\/\/guaruja.org.br\/aguaviva\/galeria\/#breadcrumb\",\"itemListElement\":[{\"@type\":\"ListItem\",\"position\":1,\"name\":\"In\u00edcio\",\"item\":\"https:\/\/guaruja.org.br\/aguaviva\/\"},{\"@type\":\"ListItem\",\"position\":2,\"name\":\"Galeria\"}]},{\"@type\":\"WebSite\",\"@id\":\"https:\/\/guaruja.org.br\/aguaviva\/#website\",\"url\":\"https:\/\/guaruja.org.br\/aguaviva\/\",\"name\":\"AGUAVIVA\",\"description\":\"Associa\u00e7\u00e3o Guaruj\u00e1 Viva\",\"publisher\":{\"@id\":\"https:\/\/guaruja.org.br\/aguaviva\/#organization\"},\"alternateName\":\"AGUAVIVA\",\"potentialAction\":[{\"@type\":\"SearchAction\",\"target\":{\"@type\":\"EntryPoint\",\"urlTemplate\":\"https:\/\/guaruja.org.br\/aguaviva\/?s={search_term_string}\"},\"query-input\":{\"@type\":\"PropertyValueSpecification\",\"valueRequired\":true,\"valueName\":\"search_term_string\"}}],\"inLanguage\":\"pt-BR\"},{\"@type\":\"Organization\",\"@id\":\"https:\/\/guaruja.org.br\/aguaviva\/#organization\",\"name\":\"AGUAVIVA\",\"alternateName\":\"AGUAVIVA\",\"url\":\"https:\/\/guaruja.org.br\/aguaviva\/\",\"logo\":{\"@type\":\"ImageObject\",\"inLanguage\":\"pt-BR\",\"@id\":\"https:\/\/guaruja.org.br\/aguaviva\/#\/schema\/logo\/image\/\",\"url\":\"https:\/\/guaruja.org.br\/aguaviva\/wp-content\/uploads\/2025\/03\/logo-aguaviva-horizontal.png\",\"contentUrl\":\"https:\/\/guaruja.org.br\/aguaviva\/wp-content\/uploads\/2025\/03\/logo-aguaviva-horizontal.png\",\"width\":3280,\"height\":1080,\"caption\":\"AGUAVIVA\"},\"image\":{\"@id\":\"https:\/\/guaruja.org.br\/aguaviva\/#\/schema\/logo\/image\/\"},\"sameAs\":[\"https:\/\/www.facebook.com\/guarujaaguaviva\",\"https:\/\/www.instagram.com\/aguavivaguaruja\/\"]}]}<\/script>\n<!-- \/ Yoast SEO Premium plugin. -->","yoast_head_json":{"title":"Galeria - AGUAVIVA","robots":{"index":"index","follow":"follow","max-snippet":"max-snippet:-1","max-image-preview":"max-image-preview:large","max-video-preview":"max-video-preview:-1"},"canonical":"https:\/\/guaruja.org.br\/aguaviva\/galeria\/","og_locale":"pt_BR","og_type":"article","og_title":"Galeria","og_description":"Fotos V\u00eddeos","og_url":"https:\/\/guaruja.org.br\/aguaviva\/galeria\/","og_site_name":"AGUAVIVA","article_publisher":"https:\/\/www.facebook.com\/guarujaaguaviva","article_modified_time":"2022-04-01T19:10:18+00:00","og_image":[{"url":"https:\/\/guaruja.org.br\/aguaviva-02\/wp-content\/uploads\/2022\/04\/Amanhecer-Praia-da-Enseada-663x1024-1.jpg","type":"","width":"","height":""}],"twitter_card":"summary_large_image","schema":{"@context":"https:\/\/schema.org","@graph":[{"@type":"WebPage","@id":"https:\/\/guaruja.org.br\/aguaviva\/galeria\/","url":"https:\/\/guaruja.org.br\/aguaviva\/galeria\/","name":"Galeria - AGUAVIVA","isPartOf":{"@id":"https:\/\/guaruja.org.br\/aguaviva\/#website"},"primaryImageOfPage":{"@id":"https:\/\/guaruja.org.br\/aguaviva\/galeria\/#primaryimage"},"image":{"@id":"https:\/\/guaruja.org.br\/aguaviva\/galeria\/#primaryimage"},"thumbnailUrl":"https:\/\/guaruja.org.br\/aguaviva-02\/wp-content\/uploads\/2022\/04\/Amanhecer-Praia-da-Enseada-663x1024-1.jpg","datePublished":"2022-03-31T19:02:22+00:00","dateModified":"2022-04-01T19:10:18+00:00","breadcrumb":{"@id":"https:\/\/guaruja.org.br\/aguaviva\/galeria\/#breadcrumb"},"inLanguage":"pt-BR","potentialAction":[{"@type":"ReadAction","target":["https:\/\/guaruja.org.br\/aguaviva\/galeria\/"]}]},{"@type":"ImageObject","inLanguage":"pt-BR","@id":"https:\/\/guaruja.org.br\/aguaviva\/galeria\/#primaryimage","url":"https:\/\/guaruja.org.br\/aguaviva-02\/wp-content\/uploads\/2022\/04\/Amanhecer-Praia-da-Enseada-663x1024-1.jpg","contentUrl":"https:\/\/guaruja.org.br\/aguaviva-02\/wp-content\/uploads\/2022\/04\/Amanhecer-Praia-da-Enseada-663x1024-1.jpg"},{"@type":"BreadcrumbList","@id":"https:\/\/guaruja.org.br\/aguaviva\/galeria\/#breadcrumb","itemListElement":[{"@type":"ListItem","position":1,"name":"In\u00edcio","item":"https:\/\/guaruja.org.br\/aguaviva\/"},{"@type":"ListItem","position":2,"name":"Galeria"}]},{"@type":"WebSite","@id":"https:\/\/guaruja.org.br\/aguaviva\/#website","url":"https:\/\/guaruja.org.br\/aguaviva\/","name":"AGUAVIVA","description":"Associa\u00e7\u00e3o Guaruj\u00e1 Viva","publisher":{"@id":"https:\/\/guaruja.org.br\/aguaviva\/#organization"},"alternateName":"AGUAVIVA","potentialAction":[{"@type":"SearchAction","target":{"@type":"EntryPoint","urlTemplate":"https:\/\/guaruja.org.br\/aguaviva\/?s={search_term_string}"},"query-input":{"@type":"PropertyValueSpecification","valueRequired":true,"valueName":"search_term_string"}}],"inLanguage":"pt-BR"},{"@type":"Organization","@id":"https:\/\/guaruja.org.br\/aguaviva\/#organization","name":"AGUAVIVA","alternateName":"AGUAVIVA","url":"https:\/\/guaruja.org.br\/aguaviva\/","logo":{"@type":"ImageObject","inLanguage":"pt-BR","@id":"https:\/\/guaruja.org.br\/aguaviva\/#\/schema\/logo\/image\/","url":"https:\/\/guaruja.org.br\/aguaviva\/wp-content\/uploads\/2025\/03\/logo-aguaviva-horizontal.png","contentUrl":"https:\/\/guaruja.org.br\/aguaviva\/wp-content\/uploads\/2025\/03\/logo-aguaviva-horizontal.png","width":3280,"height":1080,"caption":"AGUAVIVA"},"image":{"@id":"https:\/\/guaruja.org.br\/aguaviva\/#\/schema\/logo\/image\/"},"sameAs":["https:\/\/www.facebook.com\/guarujaaguaviva","https:\/\/www.instagram.com\/aguavivaguaruja\/"]}]}},"_links":{"self":[{"href":"https:\/\/guaruja.org.br\/aguaviva\/wp-json\/wp\/v2\/pages\/83","targetHints":{"allow":["GET"]}}],"collection":[{"href":"https:\/\/guaruja.org.br\/aguaviva\/wp-json\/wp\/v2\/pages"}],"about":[{"href":"https:\/\/guaruja.org.br\/aguaviva\/wp-json\/wp\/v2\/types\/page"}],"author":[{"embeddable":true,"href":"https:\/\/guaruja.org.br\/aguaviva\/wp-json\/wp\/v2\/users\/1"}],"replies":[{"embeddable":true,"href":"https:\/\/guaruja.org.br\/aguaviva\/wp-json\/wp\/v2\/comments?post=83"}],"version-history":[{"count":0,"href":"https:\/\/guaruja.org.br\/aguaviva\/wp-json\/wp\/v2\/pages\/83\/revisions"}],"wp:attachment":[{"href":"https:\/\/guaruja.org.br\/aguaviva\/wp-json\/wp\/v2\/media?parent=83"}],"curies":[{"name":"wp","href":"https:\/\/api.w.org\/{rel}","templated":true}]}}